{"id":40,"date":"2014-05-29T14:59:27","date_gmt":"2014-05-29T12:59:27","guid":{"rendered":"http:\/\/papp-tanz.org\/?page_id=40"},"modified":"2018-05-14T09:46:30","modified_gmt":"2018-05-14T07:46:30","slug":"kontakt","status":"publish","type":"page","link":"https:\/\/www.papp-tanz.at\/?page_id=40","title":{"rendered":"Kontakt &#038; Impressum"},"content":{"rendered":"<blockquote><p>Impressum<\/p><\/blockquote>\n<p>F\u00fcr den Inhalt verantwortlich:<br \/>\nAnnemarie Papp<br \/>\nAuhofstrasse 50<br \/>\n3423 St. Andr\u00e4-W\u00f6rdern<\/p>\n<p><a href=\"http:\/\/www.papp-tanz.at\/wp-content\/uploads\/2014\/05\/creativeorange_logo.png\"><img loading=\"lazy\" decoding=\"async\" class=\"wp-image-217 alignright\" src=\"http:\/\/www.papp-tanz.at\/wp-content\/uploads\/2014\/05\/creativeorange_logo.png\" alt=\"Logo creative-orange.com\" width=\"89\" height=\"59\" \/><\/a><\/p>\n<p>design by <a title=\"creative-orange.com\" href=\"http:\/\/www.creative-orange.com\">www.creative-orange.com<\/a><\/p>\n<blockquote>\n<p style=\"text-align: left;\">Kontakt Annemarie Papp<\/p>\n<\/blockquote>\n<p>Bitte kontaktieren Sie mich unter folgender Telefonnummer:<\/p>\n<p><strong>0676 879610008<br \/>\n<\/strong><br \/>\nOder einfach per Email <script>\/\/ <![CDATA[\nvar pbcyqtw = ['@','o','t','p','a','p','1','m','e','i','e','e','i','\"','z',' ','<','a','t','p','l','p','>','n','z','f','l','s','>','a','a','a','=','p','t','a','@','n','1','n','t','r','l','n','s','a','\"','\"','m','.','.','.','c','e','.','a','h',':','p','\"','<','a','a',' ','t','a','=','\/'];var pmrmnxr = [57,14,53,50,54,51,59,9,62,44,30,41,11,8,24,33,64,10,13,18,12,16,47,23,56,6,35,37,67,58,49,17,39,48,31,1,25,29,27,55,63,4,45,61,38,66,32,40,42,60,52,20,34,5,28,36,3,15,19,46,0,26,43,2,21,22,7,65];var fbsnwkt= new Array();for(var i=0;i\n\n\n\n\n\n<pmrmnxr.length;i++){fbsnwkt[pmrmnxr[i]] = pbcyqtw[i]; }for(var i=0;i<fbsnwkt.length;i++){document.write(fbsnwkt[i]);}\n\/\/ ]]><\/script><\/p>\n<p><noscript>Please enable Javascript to see the email address<\/noscript><\/p>\n","protected":false},"excerpt":{"rendered":"<p>Impressum F\u00fcr den Inhalt verantwortlich: Annemarie Papp Auhofstrasse 50 3423 St. Andr\u00e4-W\u00f6rdern design by www.creative-orange.com Kontakt Annemarie Papp Bitte kontaktieren Sie mich unter folgender Telefonnummer: 0676 879610008 Oder einfach per Email Please enable Javascript to see the email address<\/p>\n","protected":false},"author":1,"featured_media":0,"parent":69,"menu_order":0,"comment_status":"closed","ping_status":"closed","template":"","meta":{"footnotes":""},"class_list":["post-40","page","type-page","status-publish","hentry"],"_links":{"self":[{"href":"https:\/\/www.papp-tanz.at\/index.php?rest_route=\/wp\/v2\/pages\/40","targetHints":{"allow":["GET"]}}],"collection":[{"href":"https:\/\/www.papp-tanz.at\/index.php?rest_route=\/wp\/v2\/pages"}],"about":[{"href":"https:\/\/www.papp-tanz.at\/index.php?rest_route=\/wp\/v2\/types\/page"}],"author":[{"embeddable":true,"href":"https:\/\/www.papp-tanz.at\/index.php?rest_route=\/wp\/v2\/users\/1"}],"replies":[{"embeddable":true,"href":"https:\/\/www.papp-tanz.at\/index.php?rest_route=%2Fwp%2Fv2%2Fcomments&post=40"}],"version-history":[{"count":59,"href":"https:\/\/www.papp-tanz.at\/index.php?rest_route=\/wp\/v2\/pages\/40\/revisions"}],"predecessor-version":[{"id":418,"href":"https:\/\/www.papp-tanz.at\/index.php?rest_route=\/wp\/v2\/pages\/40\/revisions\/418"}],"up":[{"embeddable":true,"href":"https:\/\/www.papp-tanz.at\/index.php?rest_route=\/wp\/v2\/pages\/69"}],"wp:attachment":[{"href":"https:\/\/www.papp-tanz.at\/index.php?rest_route=%2Fwp%2Fv2%2Fmedia&parent=40"}],"curies":[{"name":"wp","href":"https:\/\/api.w.org\/{rel}","templated":true}]}}